{"id":3118,"date":"2024-09-20T11:55:09","date_gmt":"2024-09-20T08:55:09","guid":{"rendered":"http:\/\/nazali.av.tr\/en\/?page_id=3118"},"modified":"2025-09-03T16:41:47","modified_gmt":"2025-09-03T13:41:47","slug":"cagatay-senocak","status":"publish","type":"page","link":"https:\/\/nazali.av.tr\/en\/cagatay-senocak\/","title":{"rendered":"\u00c7a\u011fatay \u015eenocak"},"content":{"rendered":"\t\t<div data-elementor-type=\"wp-post\" data-elementor-id=\"3118\" class=\"elementor elementor-3118\">\n\t\t\t\t\t\t<section class=\"elementor-section elementor-top-section elementor-element elementor-element-09b6c87 elementor-section-boxed elementor-section-height-default elementor-section-height-default\" data-id=\"09b6c87\" data-element_type=\"section\">\n\t\t\t\t\t\t<div class=\"elementor-container elementor-column-gap-default\">\n\t\t\t\t\t<div class=\"elementor-column elementor-col-33 elementor-top-column elementor-element elementor-element-3b3656f\" data-id=\"3b3656f\" data-element_type=\"column\">\n\t\t\t<div class=\"elementor-widget-wrap elementor-element-populated\">\n\t\t\t\t\t\t<div class=\"elementor-element elementor-element-d15968e elementor-widget elementor-widget-image\" data-id=\"d15968e\" data-element_type=\"widget\" data-widget_type=\"image.default\">\n\t\t\t\t<div class=\"elementor-widget-container\">\n\t\t\t\t\t\t\t\t\t\t\t\t\t\t\t<img fetchpriority=\"high\" decoding=\"async\" width=\"360\" height=\"360\" src=\"https:\/\/nazali.av.tr\/en\/wp-content\/uploads\/2025\/08\/cagatay-senocak-bw-yeni.jpg\" class=\"attachment-large size-large wp-image-3309\" alt=\"\" srcset=\"https:\/\/nazali.av.tr\/en\/wp-content\/uploads\/2025\/08\/cagatay-senocak-bw-yeni.jpg 360w, https:\/\/nazali.av.tr\/en\/wp-content\/uploads\/2025\/08\/cagatay-senocak-bw-yeni-300x300.jpg 300w, https:\/\/nazali.av.tr\/en\/wp-content\/uploads\/2025\/08\/cagatay-senocak-bw-yeni-150x150.jpg 150w, https:\/\/nazali.av.tr\/en\/wp-content\/uploads\/2025\/08\/cagatay-senocak-bw-yeni-230x230.jpg 230w, https:\/\/nazali.av.tr\/en\/wp-content\/uploads\/2025\/08\/cagatay-senocak-bw-yeni-350x350.jpg 350w\" sizes=\"(max-width: 360px) 100vw, 360px\" \/>\t\t\t\t\t\t\t\t\t\t\t\t\t\t\t<\/div>\n\t\t\t\t<\/div>\n\t\t\t\t<div class=\"elementor-element elementor-element-3eff086 elementor-widget elementor-widget-image-box\" data-id=\"3eff086\" data-element_type=\"widget\" data-widget_type=\"image-box.default\">\n\t\t\t\t<div class=\"elementor-widget-container\">\n\t\t\t\t\t<div class=\"elementor-image-box-wrapper\"><div class=\"elementor-image-box-content\"><h3 class=\"elementor-image-box-title\">\u00c7a\u011fatay \u015eENOCAK <\/h3><p class=\"elementor-image-box-description\">Managing Senior Associate, <br>Attorney at Law,\nEmployment Law<\/p><\/div><\/div>\t\t\t\t<\/div>\n\t\t\t\t<\/div>\n\t\t\t\t<div class=\"elementor-element elementor-element-f02a9fb elementor-view-framed elementor-shape-circle elementor-widget elementor-widget-icon\" data-id=\"f02a9fb\" data-element_type=\"widget\" data-widget_type=\"icon.default\">\n\t\t\t\t<div class=\"elementor-widget-container\">\n\t\t\t\t\t\t\t<div class=\"elementor-icon-wrapper\">\n\t\t\t<a class=\"elementor-icon\" href=\"mailto:%20cagatay.senocak@nazali.av.tr\">\n\t\t\t<i aria-hidden=\"true\" class=\"fas fa-envelope\"><\/i>\t\t\t<\/a>\n\t\t<\/div>\n\t\t\t\t\t\t<\/div>\n\t\t\t\t<\/div>\n\t\t\t\t\t<\/div>\n\t\t<\/div>\n\t\t\t\t<div class=\"elementor-column elementor-col-66 elementor-top-column elementor-element elementor-element-c60260f\" data-id=\"c60260f\" data-element_type=\"column\">\n\t\t\t<div class=\"elementor-widget-wrap elementor-element-populated\">\n\t\t\t\t\t\t<div class=\"elementor-element elementor-element-b73f367 elementor-widget elementor-widget-text-editor\" data-id=\"b73f367\" data-element_type=\"widget\" data-widget_type=\"text-editor.default\">\n\t\t\t\t<div class=\"elementor-widget-container\">\n\t\t\t\t\t\t\t\t\t<p>\u00c7a\u011fatay \u015eenocak is an Attorney at Law specializing in Labour Law. He provides consultancy services to real and legal person clients. He represents his clients before courts.<\/p><p>\u015eenocak started his undergraduate studies at Marmara University Faculty of Law in 2012, graduated at 2016. After graduating from the university, he completed his legal internship in the field of Labour Law.<\/p><p>\u015eenocak worked as an intern and Attorney at Law in the Litigation Departments of various law firms. Since January 2020, he has been working as an Attorney at Law in the Labour Law Department of NAZALI, and continue his works as Managing Associate as of May 2023.<\/p><p>\u015eenocak, specializes in Collective Labour Law.<\/p><p>\u015eenocak started his Master\u2019s degree in Private Law at Bah\u00e7e\u015fehir University in 2019 and he continues his studies.<\/p>\t\t\t\t\t\t\t\t<\/div>\n\t\t\t\t<\/div>\n\t\t\t\t\t<\/div>\n\t\t<\/div>\n\t\t\t\t\t<\/div>\n\t\t<\/section>\n\t\t\t\t<section class=\"elementor-section elementor-top-section elementor-element elementor-element-9a144d6 elementor-section-boxed elementor-section-height-default elementor-section-height-default\" data-id=\"9a144d6\" data-element_type=\"section\">\n\t\t\t\t\t\t<div class=\"elementor-container elementor-column-gap-default\">\n\t\t\t\t\t<div class=\"elementor-column elementor-col-100 elementor-top-column elementor-element elementor-element-f323447\" data-id=\"f323447\" data-element_type=\"column\">\n\t\t\t<div class=\"elementor-widget-wrap\">\n\t\t\t\t\t\t\t<\/div>\n\t\t<\/div>\n\t\t\t\t\t<\/div>\n\t\t<\/section>\n\t\t\t\t<\/div>\n\t\t","protected":false},"excerpt":{"rendered":"<p>\u00c7a\u011fatay \u015eENOCAK Managing Senior Associate, Attorney at Law, Employment Law \u00c7a\u011fatay \u015eenocak is an Attorney at Law specializing in Labour Law. He [&hellip;]<\/p>\n","protected":false},"author":1,"featured_media":0,"parent":0,"menu_order":0,"comment_status":"closed","ping_status":"closed","template":"elementor_header_footer","meta":{"footnotes":""},"class_list":["post-3118","page","type-page","status-publish","hentry"],"_links":{"self":[{"href":"https:\/\/nazali.av.tr\/en\/wp-json\/wp\/v2\/pages\/3118","targetHints":{"allow":["GET"]}}],"collection":[{"href":"https:\/\/nazali.av.tr\/en\/wp-json\/wp\/v2\/pages"}],"about":[{"href":"https:\/\/nazali.av.tr\/en\/wp-json\/wp\/v2\/types\/page"}],"author":[{"embeddable":true,"href":"https:\/\/nazali.av.tr\/en\/wp-json\/wp\/v2\/users\/1"}],"replies":[{"embeddable":true,"href":"https:\/\/nazali.av.tr\/en\/wp-json\/wp\/v2\/comments?post=3118"}],"version-history":[{"count":16,"href":"https:\/\/nazali.av.tr\/en\/wp-json\/wp\/v2\/pages\/3118\/revisions"}],"predecessor-version":[{"id":3397,"href":"https:\/\/nazali.av.tr\/en\/wp-json\/wp\/v2\/pages\/3118\/revisions\/3397"}],"wp:attachment":[{"href":"https:\/\/nazali.av.tr\/en\/wp-json\/wp\/v2\/media?parent=3118"}],"curies":[{"name":"wp","href":"https:\/\/api.w.org\/{rel}","templated":true}]}}