{"id":749,"date":"2019-07-11T12:03:05","date_gmt":"2019-07-11T12:03:05","guid":{"rendered":"http:\/\/www.www.nazali.av.tr\/?page_id=749"},"modified":"2025-09-03T17:45:14","modified_gmt":"2025-09-03T14:45:14","slug":"metin-pektas","status":"publish","type":"page","link":"https:\/\/nazali.av.tr\/en\/metin-pektas\/","title":{"rendered":"Metin PEKTA\u015e"},"content":{"rendered":"\t\t<div data-elementor-type=\"wp-post\" data-elementor-id=\"749\" class=\"elementor elementor-749\">\n\t\t\t\t\t\t<section class=\"elementor-section elementor-top-section elementor-element elementor-element-09b6c87 elementor-section-boxed elementor-section-height-default elementor-section-height-default\" data-id=\"09b6c87\" data-element_type=\"section\">\n\t\t\t\t\t\t<div class=\"elementor-container elementor-column-gap-default\">\n\t\t\t\t\t<div class=\"elementor-column elementor-col-33 elementor-top-column elementor-element elementor-element-3b3656f\" data-id=\"3b3656f\" data-element_type=\"column\">\n\t\t\t<div class=\"elementor-widget-wrap elementor-element-populated\">\n\t\t\t\t\t\t<div class=\"elementor-element elementor-element-d15968e elementor-widget elementor-widget-image\" data-id=\"d15968e\" data-element_type=\"widget\" data-widget_type=\"image.default\">\n\t\t\t\t<div class=\"elementor-widget-container\">\n\t\t\t\t\t\t\t\t\t\t\t\t\t\t\t<img fetchpriority=\"high\" decoding=\"async\" width=\"360\" height=\"360\" src=\"https:\/\/nazali.av.tr\/en\/wp-content\/uploads\/2025\/08\/metin-pektas-bw-yeni2.jpg\" class=\"attachment-large size-large wp-image-3304\" alt=\"\" srcset=\"https:\/\/nazali.av.tr\/en\/wp-content\/uploads\/2025\/08\/metin-pektas-bw-yeni2.jpg 360w, https:\/\/nazali.av.tr\/en\/wp-content\/uploads\/2025\/08\/metin-pektas-bw-yeni2-300x300.jpg 300w, https:\/\/nazali.av.tr\/en\/wp-content\/uploads\/2025\/08\/metin-pektas-bw-yeni2-150x150.jpg 150w, https:\/\/nazali.av.tr\/en\/wp-content\/uploads\/2025\/08\/metin-pektas-bw-yeni2-230x230.jpg 230w, https:\/\/nazali.av.tr\/en\/wp-content\/uploads\/2025\/08\/metin-pektas-bw-yeni2-350x350.jpg 350w\" sizes=\"(max-width: 360px) 100vw, 360px\" \/>\t\t\t\t\t\t\t\t\t\t\t\t\t\t\t<\/div>\n\t\t\t\t<\/div>\n\t\t\t\t<div class=\"elementor-element elementor-element-3eff086 elementor-widget elementor-widget-image-box\" data-id=\"3eff086\" data-element_type=\"widget\" data-widget_type=\"image-box.default\">\n\t\t\t\t<div class=\"elementor-widget-container\">\n\t\t\t\t\t<div class=\"elementor-image-box-wrapper\"><div class=\"elementor-image-box-content\"><h3 class=\"elementor-image-box-title\">Metin PEKTA\u015e<\/h3><p class=\"elementor-image-box-description\">Partner<\/p><\/div><\/div>\t\t\t\t<\/div>\n\t\t\t\t<\/div>\n\t\t\t\t<div class=\"elementor-element elementor-element-30a3ccb elementor-view-framed elementor-widget__width-initial elementor-shape-circle elementor-widget elementor-widget-icon\" data-id=\"30a3ccb\" data-element_type=\"widget\" data-widget_type=\"icon.default\">\n\t\t\t\t<div class=\"elementor-widget-container\">\n\t\t\t\t\t\t\t<div class=\"elementor-icon-wrapper\">\n\t\t\t<a class=\"elementor-icon\" href=\"mailto:%20metin.pektas@nazali.com\">\n\t\t\t<i aria-hidden=\"true\" class=\"fas fa-envelope\"><\/i>\t\t\t<\/a>\n\t\t<\/div>\n\t\t\t\t\t\t<\/div>\n\t\t\t\t<\/div>\n\t\t\t\t<div class=\"elementor-element elementor-element-38ee5fc elementor-view-framed elementor-widget__width-initial elementor-shape-circle elementor-widget elementor-widget-icon\" data-id=\"38ee5fc\" data-element_type=\"widget\" data-widget_type=\"icon.default\">\n\t\t\t\t<div class=\"elementor-widget-container\">\n\t\t\t\t\t\t\t<div class=\"elementor-icon-wrapper\">\n\t\t\t<a class=\"elementor-icon\" href=\"tel:%20+905322307505\">\n\t\t\t<i aria-hidden=\"true\" class=\"fas fa-phone\"><\/i>\t\t\t<\/a>\n\t\t<\/div>\n\t\t\t\t\t\t<\/div>\n\t\t\t\t<\/div>\n\t\t\t\t\t<\/div>\n\t\t<\/div>\n\t\t\t\t<div class=\"elementor-column elementor-col-66 elementor-top-column elementor-element elementor-element-c60260f\" data-id=\"c60260f\" data-element_type=\"column\">\n\t\t\t<div class=\"elementor-widget-wrap elementor-element-populated\">\n\t\t\t\t\t\t<div class=\"elementor-element elementor-element-b73f367 elementor-widget elementor-widget-text-editor\" data-id=\"b73f367\" data-element_type=\"widget\" data-widget_type=\"text-editor.default\">\n\t\t\t\t<div class=\"elementor-widget-container\">\n\t\t\t\t\t\t\t\t\t<div class=\"row\"><div class=\"col-xs-12 nazali-default-word nazali-left-default-title pb-50\"><div class=\"row\"><div class=\"col-xs-12 nazali-default-word nazali-left-default-title pb-50\"><div class=\"row\"><div class=\"col-xs-12 nazali-default-word nazali-left-default-title pb-50\"><div class=\"col-xs-12 col-sm-8 col-md-9 mb-60\"><div class=\"page-leaders-detail-content\"><p>Metin Pekta\u015f worked in Turkish Competition Authority (TCA) as a competition law\/policy specialist and case handler for 12 years. He was involved in many cartel and dominant situation investigations and merger and acquisition files at various levels in numerous service sectors such as energy, cement, iron and steel, chemistry, mining, banking-finance, health, agriculture, and served as a team leader in the in the last five years. He took part in the review processes of Erdemir, Ba\u015fkent Gaz, Maz\u0131da\u011f\u0131 phosphate facilities, electricity distribution and electricity generation privatizations and worked on the preparation of the Electricity Sector Report published by the Competition Authority in 2015.<\/p><p>During his time at the Competition Authority, Pekta\u015f also took part in many legislative studies, especially the Mergers and Acquisitions Communiqu\u00e9, the Communiqu\u00e9 on File Entry and Trade Secrets. In addition, he coordinated the vocational training of Competition Authority experts and carried out institutional capacity building activities for Cyprus, Pakistan, and Azerbaijan Competition Authorities.<\/p><p>Metin Pekta\u015f participated in and contributed to many international meetings on competition law and policy, including OECD, ABA (American Bar Association), ERA (Academy of European Law), and ICF (International Competition Law Forum) while he was working for the Competition Authority. In 2017, he served as the Advisor to the President of the Competition Authority for nearly three years. In addition, he was with the FTC (Federal Trade Commission), one of the American competition authorities, for 3 months in 2012 and worked on a natural gas merger case in Alaska.<\/p><p>After resigning from the Competition Authority at the beginning of 2017, Pekta\u015f served as Competition Compliance Director in one of the major players in the electricity distribution and retail sector. Within the scope of his duties there, he reviewed all strategies, business processes and field practices of electricity distribution companies, electricity supply companies and SPV companies within the group and ensured their compliance with the Competition Law. He managed defence process on behalf of the company in the dominant position investigation conducted by the Competition Authority.<\/p><p>Lastly, Pekta\u015f served as the General Manager of Tar\u0131m Kredi Holding, which is the umbrella company of 12 companies producing agricultural inputs and services for a year and managed the establishment process and structuring of the Holding. In this process, he managed the budget, performance, and business development processes of 12 companies within the group and in the agricultural sector and conducted market analysis studies on related sectors.<\/p><p>Within NAZALI, Pekta\u015f carries out competition compliance studies, consultancy and defence processes in the examinations carried out by the Competition Authority in many sectors, especially in energy, e-commerce, food and retail, pharmaceuticals, banking, and agriculture.<\/p><p>Pekta\u015f speaks advanced level English.<\/p><\/div><\/div><\/div><\/div><\/div><\/div><\/div><\/div>\t\t\t\t\t\t\t\t<\/div>\n\t\t\t\t<\/div>\n\t\t\t\t\t<\/div>\n\t\t<\/div>\n\t\t\t\t\t<\/div>\n\t\t<\/section>\n\t\t\t\t<section class=\"elementor-section elementor-top-section elementor-element elementor-element-9a144d6 elementor-section-boxed elementor-section-height-default elementor-section-height-default\" data-id=\"9a144d6\" data-element_type=\"section\">\n\t\t\t\t\t\t<div class=\"elementor-container elementor-column-gap-default\">\n\t\t\t\t\t<div class=\"elementor-column elementor-col-100 elementor-top-column elementor-element elementor-element-f323447\" data-id=\"f323447\" data-element_type=\"column\">\n\t\t\t<div class=\"elementor-widget-wrap\">\n\t\t\t\t\t\t\t<\/div>\n\t\t<\/div>\n\t\t\t\t\t<\/div>\n\t\t<\/section>\n\t\t\t\t<\/div>\n\t\t","protected":false},"excerpt":{"rendered":"<p>Metin PEKTA\u015e Partner Metin Pekta\u015f worked in Turkish Competition Authority (TCA) as a competition law\/policy specialist and case handler for 12 years. [&hellip;]<\/p>\n","protected":false},"author":1,"featured_media":0,"parent":0,"menu_order":0,"comment_status":"closed","ping_status":"closed","template":"elementor_header_footer","meta":{"footnotes":""},"class_list":["post-749","page","type-page","status-publish","hentry"],"_links":{"self":[{"href":"https:\/\/nazali.av.tr\/en\/wp-json\/wp\/v2\/pages\/749","targetHints":{"allow":["GET"]}}],"collection":[{"href":"https:\/\/nazali.av.tr\/en\/wp-json\/wp\/v2\/pages"}],"about":[{"href":"https:\/\/nazali.av.tr\/en\/wp-json\/wp\/v2\/types\/page"}],"author":[{"embeddable":true,"href":"https:\/\/nazali.av.tr\/en\/wp-json\/wp\/v2\/users\/1"}],"replies":[{"embeddable":true,"href":"https:\/\/nazali.av.tr\/en\/wp-json\/wp\/v2\/comments?post=749"}],"version-history":[{"count":15,"href":"https:\/\/nazali.av.tr\/en\/wp-json\/wp\/v2\/pages\/749\/revisions"}],"predecessor-version":[{"id":3423,"href":"https:\/\/nazali.av.tr\/en\/wp-json\/wp\/v2\/pages\/749\/revisions\/3423"}],"wp:attachment":[{"href":"https:\/\/nazali.av.tr\/en\/wp-json\/wp\/v2\/media?parent=749"}],"curies":[{"name":"wp","href":"https:\/\/api.w.org\/{rel}","templated":true}]}}