{"id":767,"date":"2019-07-11T13:26:12","date_gmt":"2019-07-11T13:26:12","guid":{"rendered":"http:\/\/www.www.nazali.av.tr\/?page_id=767"},"modified":"2025-09-03T17:45:52","modified_gmt":"2025-09-03T14:45:52","slug":"ayse-ulku-solak","status":"publish","type":"page","link":"https:\/\/nazali.av.tr\/en\/ayse-ulku-solak\/","title":{"rendered":"Ay\u015fe \u00dclk\u00fc SOLAK"},"content":{"rendered":"\t\t<div data-elementor-type=\"wp-post\" data-elementor-id=\"767\" class=\"elementor elementor-767\">\n\t\t\t\t\t\t<section class=\"elementor-section elementor-top-section elementor-element elementor-element-09b6c87 elementor-section-boxed elementor-section-height-default elementor-section-height-default\" data-id=\"09b6c87\" data-element_type=\"section\">\n\t\t\t\t\t\t<div class=\"elementor-container elementor-column-gap-default\">\n\t\t\t\t\t<div class=\"elementor-column elementor-col-33 elementor-top-column elementor-element elementor-element-3b3656f\" data-id=\"3b3656f\" data-element_type=\"column\">\n\t\t\t<div class=\"elementor-widget-wrap elementor-element-populated\">\n\t\t\t\t\t\t<div class=\"elementor-element elementor-element-d15968e elementor-widget elementor-widget-image\" data-id=\"d15968e\" data-element_type=\"widget\" data-widget_type=\"image.default\">\n\t\t\t\t<div class=\"elementor-widget-container\">\n\t\t\t\t\t\t\t\t\t\t\t\t\t\t\t<img fetchpriority=\"high\" decoding=\"async\" width=\"360\" height=\"360\" src=\"https:\/\/nazali.av.tr\/en\/wp-content\/uploads\/2025\/08\/ayse-ulku-yalaz-bw-yeni.jpg\" class=\"attachment-large size-large wp-image-3299\" alt=\"\" srcset=\"https:\/\/nazali.av.tr\/en\/wp-content\/uploads\/2025\/08\/ayse-ulku-yalaz-bw-yeni.jpg 360w, https:\/\/nazali.av.tr\/en\/wp-content\/uploads\/2025\/08\/ayse-ulku-yalaz-bw-yeni-300x300.jpg 300w, https:\/\/nazali.av.tr\/en\/wp-content\/uploads\/2025\/08\/ayse-ulku-yalaz-bw-yeni-150x150.jpg 150w, https:\/\/nazali.av.tr\/en\/wp-content\/uploads\/2025\/08\/ayse-ulku-yalaz-bw-yeni-230x230.jpg 230w, https:\/\/nazali.av.tr\/en\/wp-content\/uploads\/2025\/08\/ayse-ulku-yalaz-bw-yeni-350x350.jpg 350w\" sizes=\"(max-width: 360px) 100vw, 360px\" \/>\t\t\t\t\t\t\t\t\t\t\t\t\t\t\t<\/div>\n\t\t\t\t<\/div>\n\t\t\t\t<div class=\"elementor-element elementor-element-3eff086 elementor-widget elementor-widget-image-box\" data-id=\"3eff086\" data-element_type=\"widget\" data-widget_type=\"image-box.default\">\n\t\t\t\t<div class=\"elementor-widget-container\">\n\t\t\t\t\t<div class=\"elementor-image-box-wrapper\"><div class=\"elementor-image-box-content\"><h3 class=\"elementor-image-box-title\">Ay\u015fe \u00dclk\u00fc Yalaz<\/h3><p class=\"elementor-image-box-description\">Partner, Attorney at Law<\/p><\/div><\/div>\t\t\t\t<\/div>\n\t\t\t\t<\/div>\n\t\t\t\t<div class=\"elementor-element elementor-element-1d83ad7 elementor-view-framed elementor-widget__width-initial elementor-shape-circle elementor-widget elementor-widget-icon\" data-id=\"1d83ad7\" data-element_type=\"widget\" data-widget_type=\"icon.default\">\n\t\t\t\t<div class=\"elementor-widget-container\">\n\t\t\t\t\t\t\t<div class=\"elementor-icon-wrapper\">\n\t\t\t<a class=\"elementor-icon\" href=\"mailto:%20usolak@nazali.av.tr\">\n\t\t\t<i aria-hidden=\"true\" class=\"fas fa-envelope\"><\/i>\t\t\t<\/a>\n\t\t<\/div>\n\t\t\t\t\t\t<\/div>\n\t\t\t\t<\/div>\n\t\t\t\t<div class=\"elementor-element elementor-element-23dd4fc elementor-view-framed elementor-widget__width-initial elementor-shape-circle elementor-widget elementor-widget-icon\" data-id=\"23dd4fc\" data-element_type=\"widget\" data-widget_type=\"icon.default\">\n\t\t\t\t<div class=\"elementor-widget-container\">\n\t\t\t\t\t\t\t<div class=\"elementor-icon-wrapper\">\n\t\t\t<a class=\"elementor-icon\" href=\"tel:%20+905054282589\">\n\t\t\t<i aria-hidden=\"true\" class=\"fas fa-phone\"><\/i>\t\t\t<\/a>\n\t\t<\/div>\n\t\t\t\t\t\t<\/div>\n\t\t\t\t<\/div>\n\t\t\t\t\t<\/div>\n\t\t<\/div>\n\t\t\t\t<div class=\"elementor-column elementor-col-66 elementor-top-column elementor-element elementor-element-c60260f\" data-id=\"c60260f\" data-element_type=\"column\">\n\t\t\t<div class=\"elementor-widget-wrap elementor-element-populated\">\n\t\t\t\t\t\t<div class=\"elementor-element elementor-element-b73f367 elementor-widget elementor-widget-text-editor\" data-id=\"b73f367\" data-element_type=\"widget\" data-widget_type=\"text-editor.default\">\n\t\t\t\t<div class=\"elementor-widget-container\">\n\t\t\t\t\t\t\t\t\t<div class=\"row\"><div class=\"col-xs-12 nazali-default-word nazali-left-default-title pb-50\"><div class=\"row\"><div class=\"col-xs-12 nazali-default-word nazali-left-default-title pb-50\"><div class=\"row\"><div class=\"col-xs-12 nazali-default-word nazali-left-default-title pb-50\"><div class=\"row\"><div class=\"col-xs-12 nazali-default-word nazali-left-default-title pb-50\"><div class=\"col-xs-12 col-sm-8 col-md-9 mb-60\"><div class=\"page-leaders-detail-content\"><p>\u00dclk\u00fc Yalaz graduated from Bilkent University Faculty of Law in 2006 and joined Istanbul Bar Association in 2007. She has a master\u2019s degree in Information Technology Law from Istanbul Bilgi University.<\/p><p>Prior to joining NAZALI as Corporate Law and M&amp;A partner, she worked as a counsel in a leading law firm in Turkey and played an active role in the executive team.<\/p><p>\u00dclk\u00fc supports her clients in all phases of preparation, signature, closing and implementation processes of domestic and international transactions and contracts concerning company law and commercial law, including mergers and acquisitions and actively participates in the planning and implementation of investment processes from the first investment to closing. \u00a0Areas she mainly works under corporate and commercial law are mergers and acquisitions, information and technology law, and growth finance. She represents her international and local clients as a buyer and a seller attorney in mergers and acquisitions. Recently, she has been representing her clients in venture capital funds, creation of funds, and in capital financing transactions. In this context, she actively takes part in the planning and implementation of investment and exit strategies and provides consultancy services for venture capital funds and angel investors in all phases of investments from founding capital to growth capital. In addition, she participates in events, competitions, and workshops as a jury member, mentor, and speaker in support of the development of the ecosystem.<\/p><p>\u00dclk\u00fc has been also providing consultancy to her clients in the field of personal data protection law and works on planning and execution of personal data protection compliance projects from start to finish, preparation of compliance documents, providing consultancy and auditing services in the following process in the field of personal data protection, planning and providing internal and external trainings in this field, process design, and maintaining communication with relevant authorities and relevant persons.<\/p><p>\u00dclk\u00fc also closely follows emerging technologies such as electronic commerce, block-chain, internet of things and artificial intelligence, and provides consultancy services to her clients in all matters concerning information and technology law.<\/p><\/div><\/div><\/div><\/div><\/div><\/div><\/div><\/div><\/div><\/div>\t\t\t\t\t\t\t\t<\/div>\n\t\t\t\t<\/div>\n\t\t\t\t\t<\/div>\n\t\t<\/div>\n\t\t\t\t\t<\/div>\n\t\t<\/section>\n\t\t\t\t<section class=\"elementor-section elementor-top-section elementor-element elementor-element-9a144d6 elementor-section-boxed elementor-section-height-default elementor-section-height-default\" data-id=\"9a144d6\" data-element_type=\"section\">\n\t\t\t\t\t\t<div class=\"elementor-container elementor-column-gap-default\">\n\t\t\t\t\t<div class=\"elementor-column elementor-col-100 elementor-top-column elementor-element elementor-element-f323447\" data-id=\"f323447\" data-element_type=\"column\">\n\t\t\t<div class=\"elementor-widget-wrap\">\n\t\t\t\t\t\t\t<\/div>\n\t\t<\/div>\n\t\t\t\t\t<\/div>\n\t\t<\/section>\n\t\t\t\t<\/div>\n\t\t","protected":false},"excerpt":{"rendered":"<p>Ay\u015fe \u00dclk\u00fc Yalaz Partner, Attorney at Law \u00dclk\u00fc Yalaz graduated from Bilkent University Faculty of Law in 2006 and joined Istanbul Bar [&hellip;]<\/p>\n","protected":false},"author":1,"featured_media":0,"parent":0,"menu_order":0,"comment_status":"closed","ping_status":"closed","template":"elementor_header_footer","meta":{"footnotes":""},"class_list":["post-767","page","type-page","status-publish","hentry"],"_links":{"self":[{"href":"https:\/\/nazali.av.tr\/en\/wp-json\/wp\/v2\/pages\/767","targetHints":{"allow":["GET"]}}],"collection":[{"href":"https:\/\/nazali.av.tr\/en\/wp-json\/wp\/v2\/pages"}],"about":[{"href":"https:\/\/nazali.av.tr\/en\/wp-json\/wp\/v2\/types\/page"}],"author":[{"embeddable":true,"href":"https:\/\/nazali.av.tr\/en\/wp-json\/wp\/v2\/users\/1"}],"replies":[{"embeddable":true,"href":"https:\/\/nazali.av.tr\/en\/wp-json\/wp\/v2\/comments?post=767"}],"version-history":[{"count":18,"href":"https:\/\/nazali.av.tr\/en\/wp-json\/wp\/v2\/pages\/767\/revisions"}],"predecessor-version":[{"id":3426,"href":"https:\/\/nazali.av.tr\/en\/wp-json\/wp\/v2\/pages\/767\/revisions\/3426"}],"wp:attachment":[{"href":"https:\/\/nazali.av.tr\/en\/wp-json\/wp\/v2\/media?parent=767"}],"curies":[{"name":"wp","href":"https:\/\/api.w.org\/{rel}","templated":true}]}}